{"id":11624,"date":"2025-05-05T16:46:50","date_gmt":"2025-05-05T14:46:50","guid":{"rendered":"https:\/\/europskydialog.eu\/?page_id=11624"},"modified":"2025-05-05T16:46:52","modified_gmt":"2025-05-05T14:46:52","slug":"eurvoice","status":"publish","type":"page","link":"https:\/\/europskydialog.eu\/en\/eurvoice\/","title":{"rendered":"EURvoice"},"content":{"rendered":"<p><img decoding=\"async\" style=\"display: block; margin-left: auto; margin-right: auto; max-width: 100%; height: auto;\" src=\"data:image\/svg+xml,%3Csvg%20xmlns%3D&#39;http%3A%2F%2Fwww.w3.org%2F2000%2Fsvg&#39;%20width=&#39;_w_&#39;%20height=&#39;_h_&#39;%20viewBox%3D&#39;0%200%20_w_%20_h_&#39;%2F%3E\" data-czlz data-src=\"http:\/\/europskydialog.eu\/wp-content\/uploads\/2025\/04\/EURvoice.png\" alt=\"EURvoice Banner\" \/><\/p>\n<p><em>EURvoice<\/em> is a strategic partnership project funded by the Erasmus+ programme, aimed at empowering young EU citizens to take an active role in civic and democratic life. The initiative promotes youth participation, especially concerning European values, democratic processes, and civic responsibility. Through a range of innovative tools and interactive learning approaches, the project helps young people better understand their role in society, strengthens their sense of belonging to the European Union, and enhances their capacity to influence public affairs. The target group includes youth workers, educators, and young people themselves, particularly those with fewer opportunities. The project also provides opportunities for intercultural dialogue and non-formal education, encouraging collaboration across borders and sectors. By developing educational resources, conducting research, and organising training activities, EURvoice contributes to building a stronger culture of participation among young Europeans.<\/p>\n<h3>Key outcomes<\/h3>\n<ul style=\"margin-top: 0.2em;\">\n<li>Training modules and handbooks for educators and youth workers<\/li>\n<li>Educational toolkit on civic engagement and European citizenship<\/li>\n<li>Research on youth participation and democratic engagement<\/li>\n<li>National and international workshops and training sessions<\/li>\n<li>Development of an online platform with accessible resources<\/li>\n<li>Final conference to share outcomes and promote sustainability<\/li>\n<\/ul>\n<h3>Partners<\/h3>\n<ul style=\"margin-top: 0.2em;\">\n<li>Tud\u00e1s Alap\u00edtv\u00e1ny (HU)<\/li>\n<li>European Dialogue (SK)<\/li>\n<li>Vicolocorto Associazione Culturale (IT)<\/li>\n<li>Balkan Idea Novi Sad (RS)<\/li>\n<li>PINA \u2013 Association for Culture and Education (SI)<\/li>\n<\/ul>\n<p><strong>Useful links:<\/strong><br \/>\n<a href=\"https:\/\/www.facebook.com\/eurvoiceproject\" target=\"_blank\" rel=\"noopener\" style=\"color: #0073e6; text-decoration: underline;\">Facebook \u2013 EURvoice<\/a><br \/>\n<a href=\"https:\/\/www.instagram.com\/eurvoice_project\/\" target=\"_blank\" rel=\"noopener\" style=\"color: #0073e6; text-decoration: underline;\">Instagram \u2013 EURvoice<\/a><br \/>\n<a href=\"https:\/\/www.linkedin.com\/in\/eurvoice-project\/\" target=\"_blank\" rel=\"noopener\" style=\"color: #0073e6; text-decoration: underline;\">LinkedIn \u2013 EURvoice<\/a><br \/>\n<a href=\"https:\/\/www.youtube.com\/@eurvoice568\" target=\"_blank\" rel=\"noopener\" style=\"color: #0073e6; text-decoration: underline;\">YouTube \u2013 EURvoice<\/a>\n<\/p>\n\n\n<figure class=\"wp-block-image size-large is-resized\"><img fetchpriority=\"high\" decoding=\"async\" width=\"1024\" height=\"215\" src=\"data:image\/svg+xml,%3Csvg%20xmlns%3D&#39;http%3A%2F%2Fwww.w3.org%2F2000%2Fsvg&#39;%20width=&#39;1024&#39;%20height=&#39;215&#39;%20viewBox%3D&#39;0%200%201024%20215&#39;%2F%3E\" data-czlz data-src=\"http:\/\/europskydialog.eu\/wp-content\/uploads\/2024\/03\/EN-Funded-by-the-EU-POS-1024x215.jpg\" alt=\"\" class=\"wp-image-10842\" style=\"aspect-ratio:4.7627906976744185;width:238px;height:auto\" data-srcset=\"https:\/\/europskydialog.eu\/wp-content\/uploads\/2024\/03\/EN-Funded-by-the-EU-POS-1024x215.jpg 1024w, https:\/\/europskydialog.eu\/wp-content\/uploads\/2024\/03\/EN-Funded-by-the-EU-POS-300x63.jpg 300w, https:\/\/europskydialog.eu\/wp-content\/uploads\/2024\/03\/EN-Funded-by-the-EU-POS-768x161.jpg 768w, https:\/\/europskydialog.eu\/wp-content\/uploads\/2024\/03\/EN-Funded-by-the-EU-POS-1536x322.jpg 1536w, https:\/\/europskydialog.eu\/wp-content\/uploads\/2024\/03\/EN-Funded-by-the-EU-POS-2048x430.jpg 2048w, https:\/\/europskydialog.eu\/wp-content\/uploads\/2024\/03\/EN-Funded-by-the-EU-POS-600x126.jpg 600w, https:\/\/europskydialog.eu\/wp-content\/uploads\/2024\/03\/EN-Funded-by-the-EU-POS-50x10.jpg 50w, https:\/\/europskydialog.eu\/wp-content\/uploads\/2024\/03\/EN-Funded-by-the-EU-POS-100x21.jpg 100w\" data-sizes=\"(max-width: 1024px) 100vw, 1024px\" \/><\/figure>\n","protected":false},"excerpt":{"rendered":"<p>EURvoice is a strategic partnership project funded by the Erasmus+ programme, &#8230; <\/p>\n","protected":false},"author":25,"featured_media":0,"parent":0,"menu_order":0,"comment_status":"closed","ping_status":"closed","template":"","meta":{"om_disable_all_campaigns":false,"_monsterinsights_skip_tracking":false,"_monsterinsights_sitenote_active":false,"_monsterinsights_sitenote_note":"","_monsterinsights_sitenote_category":0,"_uf_show_specific_survey":0,"_uf_disable_surveys":false,"footnotes":""},"class_list":["post-11624","page","type-page","status-publish","hentry"],"aioseo_notices":[],"yoast_head":"<!-- This site is optimized with the Yoast SEO plugin v25.2 - https:\/\/yoast.com\/wordpress\/plugins\/seo\/ -->\n<title>EURvoice - European Dialogue - Europsky Dialog<\/title>\n<meta name=\"robots\" content=\"index, follow, max-snippet:-1, max-image-preview:large, max-video-preview:-1\" \/>\n<link rel=\"canonical\" href=\"https:\/\/europskydialog.eu\/en\/eurvoice\/\" \/>\n<meta property=\"og:locale\" content=\"en_US\" \/>\n<meta property=\"og:type\" content=\"article\" \/>\n<meta property=\"og:title\" content=\"EURvoice - European Dialogue - Europsky Dialog\" \/>\n<meta property=\"og:description\" content=\"EURvoice is a strategic partnership project funded by the Erasmus+ programme, ...\" \/>\n<meta property=\"og:url\" content=\"https:\/\/europskydialog.eu\/en\/eurvoice\/\" \/>\n<meta property=\"og:site_name\" content=\"European Dialogue - Europsky Dialog\" \/>\n<meta property=\"article:modified_time\" content=\"2025-05-05T14:46:52+00:00\" \/>\n<meta property=\"og:image\" content=\"http:\/\/europskydialog.eu\/wp-content\/uploads\/2025\/04\/EURvoice.png\" \/>\n<meta name=\"twitter:card\" content=\"summary_large_image\" \/>\n<meta name=\"twitter:label1\" content=\"Est. reading time\" \/>\n\t<meta name=\"twitter:data1\" content=\"2 minutes\" \/>\n<script type=\"application\/ld+json\" class=\"yoast-schema-graph\">{\"@context\":\"https:\/\/schema.org\",\"@graph\":[{\"@type\":\"WebPage\",\"@id\":\"https:\/\/europskydialog.eu\/en\/eurvoice\/\",\"url\":\"https:\/\/europskydialog.eu\/en\/eurvoice\/\",\"name\":\"EURvoice - European Dialogue - Europsky Dialog\",\"isPartOf\":{\"@id\":\"https:\/\/europskydialog.eu\/en\/#website\"},\"primaryImageOfPage\":{\"@id\":\"https:\/\/europskydialog.eu\/en\/eurvoice\/#primaryimage\"},\"image\":{\"@id\":\"https:\/\/europskydialog.eu\/en\/eurvoice\/#primaryimage\"},\"thumbnailUrl\":\"http:\/\/europskydialog.eu\/wp-content\/uploads\/2025\/04\/EURvoice.png\",\"datePublished\":\"2025-05-05T14:46:50+00:00\",\"dateModified\":\"2025-05-05T14:46:52+00:00\",\"breadcrumb\":{\"@id\":\"https:\/\/europskydialog.eu\/en\/eurvoice\/#breadcrumb\"},\"inLanguage\":\"en-US\",\"potentialAction\":[{\"@type\":\"ReadAction\",\"target\":[\"https:\/\/europskydialog.eu\/en\/eurvoice\/\"]}]},{\"@type\":\"ImageObject\",\"inLanguage\":\"en-US\",\"@id\":\"https:\/\/europskydialog.eu\/en\/eurvoice\/#primaryimage\",\"url\":\"http:\/\/europskydialog.eu\/wp-content\/uploads\/2025\/04\/EURvoice.png\",\"contentUrl\":\"http:\/\/europskydialog.eu\/wp-content\/uploads\/2025\/04\/EURvoice.png\"},{\"@type\":\"BreadcrumbList\",\"@id\":\"https:\/\/europskydialog.eu\/en\/eurvoice\/#breadcrumb\",\"itemListElement\":[{\"@type\":\"ListItem\",\"position\":1,\"name\":\"Home\",\"item\":\"https:\/\/europskydialog.eu\/en\/\"},{\"@type\":\"ListItem\",\"position\":2,\"name\":\"EURvoice\"}]},{\"@type\":\"WebSite\",\"@id\":\"https:\/\/europskydialog.eu\/en\/#website\",\"url\":\"https:\/\/europskydialog.eu\/en\/\",\"name\":\"European Dialogue - Europsky Dialog\",\"description\":\"\",\"potentialAction\":[{\"@type\":\"SearchAction\",\"target\":{\"@type\":\"EntryPoint\",\"urlTemplate\":\"https:\/\/europskydialog.eu\/en\/?s={search_term_string}\"},\"query-input\":{\"@type\":\"PropertyValueSpecification\",\"valueRequired\":true,\"valueName\":\"search_term_string\"}}],\"inLanguage\":\"en-US\"}]}<\/script>\n<!-- \/ Yoast SEO plugin. -->","yoast_head_json":{"title":"EURvoice - European Dialogue - Europsky Dialog","robots":{"index":"index","follow":"follow","max-snippet":"max-snippet:-1","max-image-preview":"max-image-preview:large","max-video-preview":"max-video-preview:-1"},"canonical":"https:\/\/europskydialog.eu\/en\/eurvoice\/","og_locale":"en_US","og_type":"article","og_title":"EURvoice - European Dialogue - Europsky Dialog","og_description":"EURvoice is a strategic partnership project funded by the Erasmus+ programme, ...","og_url":"https:\/\/europskydialog.eu\/en\/eurvoice\/","og_site_name":"European Dialogue - Europsky Dialog","article_modified_time":"2025-05-05T14:46:52+00:00","og_image":[{"url":"http:\/\/europskydialog.eu\/wp-content\/uploads\/2025\/04\/EURvoice.png","type":"","width":"","height":""}],"twitter_card":"summary_large_image","twitter_misc":{"Est. reading time":"2 minutes"},"schema":{"@context":"https:\/\/schema.org","@graph":[{"@type":"WebPage","@id":"https:\/\/europskydialog.eu\/en\/eurvoice\/","url":"https:\/\/europskydialog.eu\/en\/eurvoice\/","name":"EURvoice - European Dialogue - Europsky Dialog","isPartOf":{"@id":"https:\/\/europskydialog.eu\/en\/#website"},"primaryImageOfPage":{"@id":"https:\/\/europskydialog.eu\/en\/eurvoice\/#primaryimage"},"image":{"@id":"https:\/\/europskydialog.eu\/en\/eurvoice\/#primaryimage"},"thumbnailUrl":"http:\/\/europskydialog.eu\/wp-content\/uploads\/2025\/04\/EURvoice.png","datePublished":"2025-05-05T14:46:50+00:00","dateModified":"2025-05-05T14:46:52+00:00","breadcrumb":{"@id":"https:\/\/europskydialog.eu\/en\/eurvoice\/#breadcrumb"},"inLanguage":"en-US","potentialAction":[{"@type":"ReadAction","target":["https:\/\/europskydialog.eu\/en\/eurvoice\/"]}]},{"@type":"ImageObject","inLanguage":"en-US","@id":"https:\/\/europskydialog.eu\/en\/eurvoice\/#primaryimage","url":"http:\/\/europskydialog.eu\/wp-content\/uploads\/2025\/04\/EURvoice.png","contentUrl":"http:\/\/europskydialog.eu\/wp-content\/uploads\/2025\/04\/EURvoice.png"},{"@type":"BreadcrumbList","@id":"https:\/\/europskydialog.eu\/en\/eurvoice\/#breadcrumb","itemListElement":[{"@type":"ListItem","position":1,"name":"Home","item":"https:\/\/europskydialog.eu\/en\/"},{"@type":"ListItem","position":2,"name":"EURvoice"}]},{"@type":"WebSite","@id":"https:\/\/europskydialog.eu\/en\/#website","url":"https:\/\/europskydialog.eu\/en\/","name":"European Dialogue - Europsky Dialog","description":"","potentialAction":[{"@type":"SearchAction","target":{"@type":"EntryPoint","urlTemplate":"https:\/\/europskydialog.eu\/en\/?s={search_term_string}"},"query-input":{"@type":"PropertyValueSpecification","valueRequired":true,"valueName":"search_term_string"}}],"inLanguage":"en-US"}]}},"_links":{"self":[{"href":"https:\/\/europskydialog.eu\/en\/wp-json\/wp\/v2\/pages\/11624","targetHints":{"allow":["GET"]}}],"collection":[{"href":"https:\/\/europskydialog.eu\/en\/wp-json\/wp\/v2\/pages"}],"about":[{"href":"https:\/\/europskydialog.eu\/en\/wp-json\/wp\/v2\/types\/page"}],"author":[{"embeddable":true,"href":"https:\/\/europskydialog.eu\/en\/wp-json\/wp\/v2\/users\/25"}],"replies":[{"embeddable":true,"href":"https:\/\/europskydialog.eu\/en\/wp-json\/wp\/v2\/comments?post=11624"}],"version-history":[{"count":1,"href":"https:\/\/europskydialog.eu\/en\/wp-json\/wp\/v2\/pages\/11624\/revisions"}],"predecessor-version":[{"id":11625,"href":"https:\/\/europskydialog.eu\/en\/wp-json\/wp\/v2\/pages\/11624\/revisions\/11625"}],"wp:attachment":[{"href":"https:\/\/europskydialog.eu\/en\/wp-json\/wp\/v2\/media?parent=11624"}],"curies":[{"name":"wp","href":"https:\/\/api.w.org\/{rel}","templated":true}]}}