{"id":10108,"date":"2023-08-10T21:16:24","date_gmt":"2023-08-10T19:16:24","guid":{"rendered":"http:\/\/europskydialog.eu\/analyses\/"},"modified":"2023-09-06T11:17:47","modified_gmt":"2023-09-06T09:17:47","slug":"analyses","status":"publish","type":"page","link":"https:\/\/europskydialog.eu\/en\/media-content\/analyses\/","title":{"rendered":"Analyses"},"content":{"rendered":"\t\t<div data-elementor-type=\"wp-page\" data-elementor-id=\"10108\" class=\"elementor elementor-10108 elementor-8250\">\n\t\t\t\t\t\t<section class=\"elementor-section elementor-top-section elementor-element elementor-element-733660c elementor-section-boxed elementor-section-height-default elementor-section-height-default\" data-id=\"733660c\" data-element_type=\"section\">\n\t\t\t\t\t\t<div class=\"elementor-container elementor-column-gap-default\">\n\t\t\t\t\t<div class=\"elementor-column elementor-col-100 elementor-top-column elementor-element elementor-element-07de04c\" data-id=\"07de04c\" data-element_type=\"column\">\n\t\t\t<div class=\"elementor-widget-wrap elementor-element-populated\">\n\t\t\t\t\t\t<div class=\"elementor-element elementor-element-51e24d2 elementor-widget elementor-widget-cz_posts\" data-id=\"51e24d2\" data-element_type=\"widget\" data-widget_type=\"cz_posts.default\">\n\t\t\t\t<div class=\"elementor-widget-container\">\n\t\t\t\t\t<div class=\"cz_grid_p\"><div class=\"cz_grid cz_grid_1 clr cz_posts_list_5 cz_grid_1_title_sub_after cz_grid_1_has_excerpt cz_grid_1_bot tal\" data-atts='{\"action\":\"cz_ajax_elementor_posts\",\"post_class\":\"cz_grid_item\",\"post__in\":null,\"author__in\":null,\"nonce\":\"e1851716a5\",\"nonce_id\":\"posts\",\"loadmore_end\":null,\"layout\":\"cz_posts_list_5\",\"hover\":\"cz_grid_1_title_sub_after cz_grid_1_has_excerpt\",\"subtitles\":[{\"_id\":\"e58ddcd\",\"t\":\"date\",\"r\":\"\",\"i\":{\"value\":\"\",\"library\":\"\"},\"p\":\"\",\"ct\":null,\"cm\":null,\"tc\":null}],\"subtitle_pos\":\"\",\"icon\":{\"value\":\"fa fa-search\",\"library\":\"solid\"},\"el\":\"\",\"title_lenght\":\"\",\"cat_tax\":\"category\",\"cat\":[\"99\"],\"cat_exclude\":\"\",\"tag_tax\":\"post_tag\",\"tag_id\":\"\",\"tag_exclude\":\"\",\"post_type\":\"\",\"posts_per_page\":12,\"order\":\"DESC\",\"orderby\":\"date\",\"tilt_data\":null,\"img_fx\":\"\",\"custom_size\":\"\",\"excerpt_rm\":\"\",\"s\":\"\"}'><div class=\"cz_grid_item cz_grid_first\"><\/div><div data-id=\"3688\" class=\"cz_grid_item  cz_posts_list_odd 3688 post-3688 post type-post status-publish format-standard hentry category-en-en category-analyses\"><div class=\"clr\"><a class=\"cz_grid_link cz_grid_item_svg\" href=\"https:\/\/europskydialog.eu\/en\/2015\/05\/19\/uk-general-elections-and-the-eu-in-or-out\/\" title=\"UK General elections and the EU; in or out?\"><img decoding=\"async\" src=\"data:image\/svg+xml,%3Csvg%20xmlns%3D&#39;http%3A%2F%2Fwww.w3.org%2F2000%2Fsvg&#39;%20width=&#39;600&#39;%20height=&#39;600&#39;%20viewBox%3D&#39;0%200%20600%20600&#39;%2F%3E\" alt=\"Placeholder\" \/><div class=\"cz_grid_details\"><i class=\"fa fa-search cz_grid_icon\"><\/i><\/div><\/a><div class=\"cz_grid_details cz_grid_details_outside\"><a class=\"cz_grid_title\" href=\"https:\/\/europskydialog.eu\/en\/2015\/05\/19\/uk-general-elections-and-the-eu-in-or-out\/\"><h3>UK General elections and the EU; in or out?<\/h3><\/a><small class=\"clr\"><span class=\"cz_post_data cz_data_date\"><a href=\"https:\/\/europskydialog.eu\/en\/2015\/05\/19\/uk-general-elections-and-the-eu-in-or-out\/\" aria-label=\"Post date\">19. May 2015<\/a><\/span><\/small><div class=\"cz_post_excerpt\">&nbsp; The United Kingdom general election of 2015 was held on 7 May 2015 to elect the 56th Parliament of the United Kingdom. Local elections took place in most of England on the same day, excluding Greater London. It was the first general election to be held at the end...<\/div><\/div><\/div><\/div><div class=\"tac mt40 cz_no_grid\"><\/div><\/div><\/div>\t\t\t\t<\/div>\n\t\t\t\t<\/div>\n\t\t\t\t\t<\/div>\n\t\t<\/div>\n\t\t\t\t\t<\/div>\n\t\t<\/section>\n\t\t\t\t<\/div>\n\t\t","protected":false},"excerpt":{"rendered":"<p>E\u00da a\u00a05G sie\u0165 3. j\u00fala 2023Eur\u00f3pska komisia navrhuje vyl\u00fa\u010di\u0165 \u010d\u00ednske spolo\u010dnosti Huawei a ZTE z v\u00fdstavby 5G siete. Eur\u00f3psky komis\u00e1r pre vn\u00fatorn\u00fd trh, Thierry Breton, vyzval \u010dlensk\u00e9 \u0161t\u00e1ty, &#8230; <a class=\"cz_readmore\" href=\"https:\/\/europskydialog.eu\/en\/2015\/05\/19\/uk-general-elections-and-the-eu-in-or-out\/\"><i class=\"fa czico-188-arrows-2\" aria-hidden=\"true\"><\/i><span>Zobrazi\u0165 viac<\/span><\/a><\/p>\n","protected":false},"author":1,"featured_media":0,"parent":10112,"menu_order":0,"comment_status":"closed","ping_status":"closed","template":"","meta":{"om_disable_all_campaigns":false,"_monsterinsights_skip_tracking":false,"_monsterinsights_sitenote_active":false,"_monsterinsights_sitenote_note":"","_monsterinsights_sitenote_category":0,"_uf_show_specific_survey":0,"_uf_disable_surveys":false,"footnotes":""},"class_list":["post-10108","page","type-page","status-publish","hentry"],"aioseo_notices":[],"yoast_head":"<!-- This site is optimized with the Yoast SEO plugin v25.2 - https:\/\/yoast.com\/wordpress\/plugins\/seo\/ -->\n<title>Analyses - European Dialogue - Europsky Dialog<\/title>\n<meta name=\"robots\" content=\"index, follow, max-snippet:-1, max-image-preview:large, max-video-preview:-1\" \/>\n<link rel=\"canonical\" href=\"https:\/\/europskydialog.eu\/en\/media-content\/analyses\/\" \/>\n<meta property=\"og:locale\" content=\"en_US\" \/>\n<meta property=\"og:type\" content=\"article\" \/>\n<meta property=\"og:title\" content=\"Analyses - European Dialogue - Europsky Dialog\" \/>\n<meta property=\"og:description\" content=\"E\u00da a\u00a05G sie\u0165 3. j\u00fala 2023Eur\u00f3pska komisia navrhuje vyl\u00fa\u010di\u0165 \u010d\u00ednske spolo\u010dnosti Huawei a ZTE z v\u00fdstavby 5G siete. Eur\u00f3psky komis\u00e1r pre vn\u00fatorn\u00fd trh, Thierry Breton, vyzval \u010dlensk\u00e9 \u0161t\u00e1ty, ... Zobrazi\u0165 viac\" \/>\n<meta property=\"og:url\" content=\"https:\/\/europskydialog.eu\/en\/media-content\/analyses\/\" \/>\n<meta property=\"og:site_name\" content=\"European Dialogue - Europsky Dialog\" \/>\n<meta property=\"article:modified_time\" content=\"2023-09-06T09:17:47+00:00\" \/>\n<meta property=\"og:image\" content=\"http:\/\/europskydialog.eu\/wp-content\/uploads\/2023\/07\/accessibility-g5ecea8a7e_1280-1200x500.jpg\" \/>\n<meta name=\"twitter:card\" content=\"summary_large_image\" \/>\n<meta name=\"twitter:label1\" content=\"Est. reading time\" \/>\n\t<meta name=\"twitter:data1\" content=\"3 minutes\" \/>\n<script type=\"application\/ld+json\" class=\"yoast-schema-graph\">{\"@context\":\"https:\/\/schema.org\",\"@graph\":[{\"@type\":\"WebPage\",\"@id\":\"https:\/\/europskydialog.eu\/en\/media-content\/analyses\/\",\"url\":\"https:\/\/europskydialog.eu\/en\/media-content\/analyses\/\",\"name\":\"Analyses - European Dialogue - Europsky Dialog\",\"isPartOf\":{\"@id\":\"https:\/\/europskydialog.eu\/en\/#website\"},\"primaryImageOfPage\":{\"@id\":\"https:\/\/europskydialog.eu\/en\/media-content\/analyses\/#primaryimage\"},\"image\":{\"@id\":\"https:\/\/europskydialog.eu\/en\/media-content\/analyses\/#primaryimage\"},\"thumbnailUrl\":\"http:\/\/europskydialog.eu\/wp-content\/uploads\/2023\/07\/accessibility-g5ecea8a7e_1280-1200x500.jpg\",\"datePublished\":\"2023-08-10T19:16:24+00:00\",\"dateModified\":\"2023-09-06T09:17:47+00:00\",\"breadcrumb\":{\"@id\":\"https:\/\/europskydialog.eu\/en\/media-content\/analyses\/#breadcrumb\"},\"inLanguage\":\"en-US\",\"potentialAction\":[{\"@type\":\"ReadAction\",\"target\":[\"https:\/\/europskydialog.eu\/en\/media-content\/analyses\/\"]}]},{\"@type\":\"ImageObject\",\"inLanguage\":\"en-US\",\"@id\":\"https:\/\/europskydialog.eu\/en\/media-content\/analyses\/#primaryimage\",\"url\":\"http:\/\/europskydialog.eu\/wp-content\/uploads\/2023\/07\/accessibility-g5ecea8a7e_1280-1200x500.jpg\",\"contentUrl\":\"http:\/\/europskydialog.eu\/wp-content\/uploads\/2023\/07\/accessibility-g5ecea8a7e_1280-1200x500.jpg\"},{\"@type\":\"BreadcrumbList\",\"@id\":\"https:\/\/europskydialog.eu\/en\/media-content\/analyses\/#breadcrumb\",\"itemListElement\":[{\"@type\":\"ListItem\",\"position\":1,\"name\":\"Home\",\"item\":\"https:\/\/europskydialog.eu\/en\/\"},{\"@type\":\"ListItem\",\"position\":2,\"name\":\"Media content\",\"item\":\"https:\/\/europskydialog.eu\/en\/media-content\/\"},{\"@type\":\"ListItem\",\"position\":3,\"name\":\"Analyses\"}]},{\"@type\":\"WebSite\",\"@id\":\"https:\/\/europskydialog.eu\/en\/#website\",\"url\":\"https:\/\/europskydialog.eu\/en\/\",\"name\":\"European Dialogue - Europsky Dialog\",\"description\":\"\",\"potentialAction\":[{\"@type\":\"SearchAction\",\"target\":{\"@type\":\"EntryPoint\",\"urlTemplate\":\"https:\/\/europskydialog.eu\/en\/?s={search_term_string}\"},\"query-input\":{\"@type\":\"PropertyValueSpecification\",\"valueRequired\":true,\"valueName\":\"search_term_string\"}}],\"inLanguage\":\"en-US\"}]}<\/script>\n<!-- \/ Yoast SEO plugin. -->","yoast_head_json":{"title":"Analyses - European Dialogue - Europsky Dialog","robots":{"index":"index","follow":"follow","max-snippet":"max-snippet:-1","max-image-preview":"max-image-preview:large","max-video-preview":"max-video-preview:-1"},"canonical":"https:\/\/europskydialog.eu\/en\/media-content\/analyses\/","og_locale":"en_US","og_type":"article","og_title":"Analyses - European Dialogue - Europsky Dialog","og_description":"E\u00da a\u00a05G sie\u0165 3. j\u00fala 2023Eur\u00f3pska komisia navrhuje vyl\u00fa\u010di\u0165 \u010d\u00ednske spolo\u010dnosti Huawei a ZTE z v\u00fdstavby 5G siete. Eur\u00f3psky komis\u00e1r pre vn\u00fatorn\u00fd trh, Thierry Breton, vyzval \u010dlensk\u00e9 \u0161t\u00e1ty, ... Zobrazi\u0165 viac","og_url":"https:\/\/europskydialog.eu\/en\/media-content\/analyses\/","og_site_name":"European Dialogue - Europsky Dialog","article_modified_time":"2023-09-06T09:17:47+00:00","og_image":[{"url":"http:\/\/europskydialog.eu\/wp-content\/uploads\/2023\/07\/accessibility-g5ecea8a7e_1280-1200x500.jpg","type":"","width":"","height":""}],"twitter_card":"summary_large_image","twitter_misc":{"Est. reading time":"3 minutes"},"schema":{"@context":"https:\/\/schema.org","@graph":[{"@type":"WebPage","@id":"https:\/\/europskydialog.eu\/en\/media-content\/analyses\/","url":"https:\/\/europskydialog.eu\/en\/media-content\/analyses\/","name":"Analyses - European Dialogue - Europsky Dialog","isPartOf":{"@id":"https:\/\/europskydialog.eu\/en\/#website"},"primaryImageOfPage":{"@id":"https:\/\/europskydialog.eu\/en\/media-content\/analyses\/#primaryimage"},"image":{"@id":"https:\/\/europskydialog.eu\/en\/media-content\/analyses\/#primaryimage"},"thumbnailUrl":"http:\/\/europskydialog.eu\/wp-content\/uploads\/2023\/07\/accessibility-g5ecea8a7e_1280-1200x500.jpg","datePublished":"2023-08-10T19:16:24+00:00","dateModified":"2023-09-06T09:17:47+00:00","breadcrumb":{"@id":"https:\/\/europskydialog.eu\/en\/media-content\/analyses\/#breadcrumb"},"inLanguage":"en-US","potentialAction":[{"@type":"ReadAction","target":["https:\/\/europskydialog.eu\/en\/media-content\/analyses\/"]}]},{"@type":"ImageObject","inLanguage":"en-US","@id":"https:\/\/europskydialog.eu\/en\/media-content\/analyses\/#primaryimage","url":"http:\/\/europskydialog.eu\/wp-content\/uploads\/2023\/07\/accessibility-g5ecea8a7e_1280-1200x500.jpg","contentUrl":"http:\/\/europskydialog.eu\/wp-content\/uploads\/2023\/07\/accessibility-g5ecea8a7e_1280-1200x500.jpg"},{"@type":"BreadcrumbList","@id":"https:\/\/europskydialog.eu\/en\/media-content\/analyses\/#breadcrumb","itemListElement":[{"@type":"ListItem","position":1,"name":"Home","item":"https:\/\/europskydialog.eu\/en\/"},{"@type":"ListItem","position":2,"name":"Media content","item":"https:\/\/europskydialog.eu\/en\/media-content\/"},{"@type":"ListItem","position":3,"name":"Analyses"}]},{"@type":"WebSite","@id":"https:\/\/europskydialog.eu\/en\/#website","url":"https:\/\/europskydialog.eu\/en\/","name":"European Dialogue - Europsky Dialog","description":"","potentialAction":[{"@type":"SearchAction","target":{"@type":"EntryPoint","urlTemplate":"https:\/\/europskydialog.eu\/en\/?s={search_term_string}"},"query-input":{"@type":"PropertyValueSpecification","valueRequired":true,"valueName":"search_term_string"}}],"inLanguage":"en-US"}]}},"_links":{"self":[{"href":"https:\/\/europskydialog.eu\/en\/wp-json\/wp\/v2\/pages\/10108","targetHints":{"allow":["GET"]}}],"collection":[{"href":"https:\/\/europskydialog.eu\/en\/wp-json\/wp\/v2\/pages"}],"about":[{"href":"https:\/\/europskydialog.eu\/en\/wp-json\/wp\/v2\/types\/page"}],"author":[{"embeddable":true,"href":"https:\/\/europskydialog.eu\/en\/wp-json\/wp\/v2\/users\/1"}],"replies":[{"embeddable":true,"href":"https:\/\/europskydialog.eu\/en\/wp-json\/wp\/v2\/comments?post=10108"}],"version-history":[{"count":1,"href":"https:\/\/europskydialog.eu\/en\/wp-json\/wp\/v2\/pages\/10108\/revisions"}],"predecessor-version":[{"id":10109,"href":"https:\/\/europskydialog.eu\/en\/wp-json\/wp\/v2\/pages\/10108\/revisions\/10109"}],"up":[{"embeddable":true,"href":"https:\/\/europskydialog.eu\/en\/wp-json\/wp\/v2\/pages\/10112"}],"wp:attachment":[{"href":"https:\/\/europskydialog.eu\/en\/wp-json\/wp\/v2\/media?parent=10108"}],"curies":[{"name":"wp","href":"https:\/\/api.w.org\/{rel}","templated":true}]}}