{"id":10068,"date":"2023-08-10T15:00:05","date_gmt":"2023-08-10T13:00:05","guid":{"rendered":"http:\/\/europskydialog.eu\/online-library\/"},"modified":"2023-09-07T16:13:53","modified_gmt":"2023-09-07T14:13:53","slug":"online-library","status":"publish","type":"page","link":"https:\/\/europskydialog.eu\/en\/online-library\/","title":{"rendered":"Online library"},"content":{"rendered":"\t\t<div data-elementor-type=\"wp-page\" data-elementor-id=\"10068\" class=\"elementor elementor-10068 elementor-1566\">\n\t\t\t\t\t\t<section class=\"elementor-section elementor-top-section elementor-element elementor-element-816305c elementor-section-boxed elementor-section-height-default elementor-section-height-default\" data-id=\"816305c\" data-element_type=\"section\">\n\t\t\t\t\t\t<div class=\"elementor-container elementor-column-gap-default\">\n\t\t\t\t\t<div class=\"elementor-column elementor-col-100 elementor-top-column elementor-element elementor-element-35b8496\" data-id=\"35b8496\" data-element_type=\"column\">\n\t\t\t<div class=\"elementor-widget-wrap elementor-element-populated\">\n\t\t\t\t\t\t<div class=\"elementor-element elementor-element-8764f93 elementor-widget elementor-widget-cz_posts\" data-id=\"8764f93\" data-element_type=\"widget\" data-widget_type=\"cz_posts.default\">\n\t\t\t\t<div class=\"elementor-widget-container\">\n\t\t\t\t\t<div class=\"cz_grid_p\"><div class=\"cz_grid cz_grid_1 clr cz_grid_c3 cz_grid_1_title_sub_after cz_grid_1_bot tal\" data-atts='{\"action\":\"cz_ajax_elementor_posts\",\"post_class\":\"cz_grid_item\",\"post__in\":null,\"author__in\":null,\"nonce\":\"e1851716a5\",\"nonce_id\":\"posts\",\"loadmore_end\":null,\"layout\":\"cz_grid_c3\",\"hover\":\"cz_grid_1_title_sub_after\",\"subtitles\":[{\"_id\":\"ae1b17a\",\"t\":\"date\",\"r\":\"\",\"i\":{\"value\":\"\",\"library\":\"\"},\"p\":\"\",\"ct\":null,\"cm\":null,\"tc\":null}],\"subtitle_pos\":\"\",\"icon\":{\"value\":\"fa fa-search\",\"library\":\"solid\"},\"el\":\"\",\"title_lenght\":\"\",\"cat_tax\":\"category\",\"cat\":[\"230\"],\"cat_exclude\":\"\",\"tag_tax\":\"post_tag\",\"tag_id\":\"\",\"tag_exclude\":\"\",\"post_type\":\"\",\"posts_per_page\":9999,\"order\":\"DESC\",\"orderby\":\"date\",\"tilt_data\":null,\"img_fx\":\"\",\"custom_size\":\"\",\"excerpt_rm\":\"\",\"s\":\"\"}'><div class=\"cz_grid_item cz_grid_first\"><\/div><div class=\"cz_grid_item\">Not found any posts in this category.<\/div><\/div><\/div>\t\t\t\t<\/div>\n\t\t\t\t<\/div>\n\t\t\t\t\t<\/div>\n\t\t<\/div>\n\t\t\t\t\t<\/div>\n\t\t<\/section>\n\t\t\t\t<\/div>\n\t\t","protected":false},"excerpt":{"rendered":"<p>STRATEGICK\u00dd KONCEPT NATO 2022: Nov\u00e9 v\u00fdzvy v glob\u00e1lnom svete 21. j\u00fala &#8230; <\/p>\n","protected":false},"author":1,"featured_media":0,"parent":0,"menu_order":0,"comment_status":"closed","ping_status":"closed","template":"","meta":{"om_disable_all_campaigns":false,"_monsterinsights_skip_tracking":false,"_monsterinsights_sitenote_active":false,"_monsterinsights_sitenote_note":"","_monsterinsights_sitenote_category":0,"_uf_show_specific_survey":0,"_uf_disable_surveys":false,"footnotes":""},"class_list":["post-10068","page","type-page","status-publish","hentry"],"aioseo_notices":[],"yoast_head":"<!-- This site is optimized with the Yoast SEO plugin v25.2 - https:\/\/yoast.com\/wordpress\/plugins\/seo\/ -->\n<title>Online library - European Dialogue - Europsky Dialog<\/title>\n<meta name=\"robots\" content=\"index, follow, max-snippet:-1, max-image-preview:large, max-video-preview:-1\" \/>\n<link rel=\"canonical\" href=\"https:\/\/europskydialog.eu\/en\/online-library\/\" \/>\n<meta property=\"og:locale\" content=\"en_US\" \/>\n<meta property=\"og:type\" content=\"article\" \/>\n<meta property=\"og:title\" content=\"Online library - European Dialogue - Europsky Dialog\" \/>\n<meta property=\"og:description\" content=\"STRATEGICK\u00dd KONCEPT NATO 2022: Nov\u00e9 v\u00fdzvy v glob\u00e1lnom svete 21. j\u00fala ...\" \/>\n<meta property=\"og:url\" content=\"https:\/\/europskydialog.eu\/en\/online-library\/\" \/>\n<meta property=\"og:site_name\" content=\"European Dialogue - Europsky Dialog\" \/>\n<meta property=\"article:modified_time\" content=\"2023-09-07T14:13:53+00:00\" \/>\n<meta property=\"og:image\" content=\"http:\/\/europskydialog.eu\/wp-content\/uploads\/2022\/07\/Analyzis-UPDATE-2021-Data-2.png\" \/>\n<meta name=\"twitter:card\" content=\"summary_large_image\" \/>\n<script type=\"application\/ld+json\" class=\"yoast-schema-graph\">{\"@context\":\"https:\/\/schema.org\",\"@graph\":[{\"@type\":\"WebPage\",\"@id\":\"https:\/\/europskydialog.eu\/en\/online-library\/\",\"url\":\"https:\/\/europskydialog.eu\/en\/online-library\/\",\"name\":\"Online library - European Dialogue - Europsky Dialog\",\"isPartOf\":{\"@id\":\"https:\/\/europskydialog.eu\/en\/#website\"},\"primaryImageOfPage\":{\"@id\":\"https:\/\/europskydialog.eu\/en\/online-library\/#primaryimage\"},\"image\":{\"@id\":\"https:\/\/europskydialog.eu\/en\/online-library\/#primaryimage\"},\"thumbnailUrl\":\"http:\/\/europskydialog.eu\/wp-content\/uploads\/2022\/07\/Analyzis-UPDATE-2021-Data-2.png\",\"datePublished\":\"2023-08-10T13:00:05+00:00\",\"dateModified\":\"2023-09-07T14:13:53+00:00\",\"breadcrumb\":{\"@id\":\"https:\/\/europskydialog.eu\/en\/online-library\/#breadcrumb\"},\"inLanguage\":\"en-US\",\"potentialAction\":[{\"@type\":\"ReadAction\",\"target\":[\"https:\/\/europskydialog.eu\/en\/online-library\/\"]}]},{\"@type\":\"ImageObject\",\"inLanguage\":\"en-US\",\"@id\":\"https:\/\/europskydialog.eu\/en\/online-library\/#primaryimage\",\"url\":\"http:\/\/europskydialog.eu\/wp-content\/uploads\/2022\/07\/Analyzis-UPDATE-2021-Data-2.png\",\"contentUrl\":\"http:\/\/europskydialog.eu\/wp-content\/uploads\/2022\/07\/Analyzis-UPDATE-2021-Data-2.png\"},{\"@type\":\"BreadcrumbList\",\"@id\":\"https:\/\/europskydialog.eu\/en\/online-library\/#breadcrumb\",\"itemListElement\":[{\"@type\":\"ListItem\",\"position\":1,\"name\":\"Home\",\"item\":\"https:\/\/europskydialog.eu\/en\/\"},{\"@type\":\"ListItem\",\"position\":2,\"name\":\"Online library\"}]},{\"@type\":\"WebSite\",\"@id\":\"https:\/\/europskydialog.eu\/en\/#website\",\"url\":\"https:\/\/europskydialog.eu\/en\/\",\"name\":\"European Dialogue - Europsky Dialog\",\"description\":\"\",\"potentialAction\":[{\"@type\":\"SearchAction\",\"target\":{\"@type\":\"EntryPoint\",\"urlTemplate\":\"https:\/\/europskydialog.eu\/en\/?s={search_term_string}\"},\"query-input\":{\"@type\":\"PropertyValueSpecification\",\"valueRequired\":true,\"valueName\":\"search_term_string\"}}],\"inLanguage\":\"en-US\"}]}<\/script>\n<!-- \/ Yoast SEO plugin. -->","yoast_head_json":{"title":"Online library - European Dialogue - Europsky Dialog","robots":{"index":"index","follow":"follow","max-snippet":"max-snippet:-1","max-image-preview":"max-image-preview:large","max-video-preview":"max-video-preview:-1"},"canonical":"https:\/\/europskydialog.eu\/en\/online-library\/","og_locale":"en_US","og_type":"article","og_title":"Online library - European Dialogue - Europsky Dialog","og_description":"STRATEGICK\u00dd KONCEPT NATO 2022: Nov\u00e9 v\u00fdzvy v glob\u00e1lnom svete 21. j\u00fala ...","og_url":"https:\/\/europskydialog.eu\/en\/online-library\/","og_site_name":"European Dialogue - Europsky Dialog","article_modified_time":"2023-09-07T14:13:53+00:00","og_image":[{"url":"http:\/\/europskydialog.eu\/wp-content\/uploads\/2022\/07\/Analyzis-UPDATE-2021-Data-2.png","type":"","width":"","height":""}],"twitter_card":"summary_large_image","schema":{"@context":"https:\/\/schema.org","@graph":[{"@type":"WebPage","@id":"https:\/\/europskydialog.eu\/en\/online-library\/","url":"https:\/\/europskydialog.eu\/en\/online-library\/","name":"Online library - European Dialogue - Europsky Dialog","isPartOf":{"@id":"https:\/\/europskydialog.eu\/en\/#website"},"primaryImageOfPage":{"@id":"https:\/\/europskydialog.eu\/en\/online-library\/#primaryimage"},"image":{"@id":"https:\/\/europskydialog.eu\/en\/online-library\/#primaryimage"},"thumbnailUrl":"http:\/\/europskydialog.eu\/wp-content\/uploads\/2022\/07\/Analyzis-UPDATE-2021-Data-2.png","datePublished":"2023-08-10T13:00:05+00:00","dateModified":"2023-09-07T14:13:53+00:00","breadcrumb":{"@id":"https:\/\/europskydialog.eu\/en\/online-library\/#breadcrumb"},"inLanguage":"en-US","potentialAction":[{"@type":"ReadAction","target":["https:\/\/europskydialog.eu\/en\/online-library\/"]}]},{"@type":"ImageObject","inLanguage":"en-US","@id":"https:\/\/europskydialog.eu\/en\/online-library\/#primaryimage","url":"http:\/\/europskydialog.eu\/wp-content\/uploads\/2022\/07\/Analyzis-UPDATE-2021-Data-2.png","contentUrl":"http:\/\/europskydialog.eu\/wp-content\/uploads\/2022\/07\/Analyzis-UPDATE-2021-Data-2.png"},{"@type":"BreadcrumbList","@id":"https:\/\/europskydialog.eu\/en\/online-library\/#breadcrumb","itemListElement":[{"@type":"ListItem","position":1,"name":"Home","item":"https:\/\/europskydialog.eu\/en\/"},{"@type":"ListItem","position":2,"name":"Online library"}]},{"@type":"WebSite","@id":"https:\/\/europskydialog.eu\/en\/#website","url":"https:\/\/europskydialog.eu\/en\/","name":"European Dialogue - Europsky Dialog","description":"","potentialAction":[{"@type":"SearchAction","target":{"@type":"EntryPoint","urlTemplate":"https:\/\/europskydialog.eu\/en\/?s={search_term_string}"},"query-input":{"@type":"PropertyValueSpecification","valueRequired":true,"valueName":"search_term_string"}}],"inLanguage":"en-US"}]}},"_links":{"self":[{"href":"https:\/\/europskydialog.eu\/en\/wp-json\/wp\/v2\/pages\/10068","targetHints":{"allow":["GET"]}}],"collection":[{"href":"https:\/\/europskydialog.eu\/en\/wp-json\/wp\/v2\/pages"}],"about":[{"href":"https:\/\/europskydialog.eu\/en\/wp-json\/wp\/v2\/types\/page"}],"author":[{"embeddable":true,"href":"https:\/\/europskydialog.eu\/en\/wp-json\/wp\/v2\/users\/1"}],"replies":[{"embeddable":true,"href":"https:\/\/europskydialog.eu\/en\/wp-json\/wp\/v2\/comments?post=10068"}],"version-history":[{"count":3,"href":"https:\/\/europskydialog.eu\/en\/wp-json\/wp\/v2\/pages\/10068\/revisions"}],"predecessor-version":[{"id":10152,"href":"https:\/\/europskydialog.eu\/en\/wp-json\/wp\/v2\/pages\/10068\/revisions\/10152"}],"wp:attachment":[{"href":"https:\/\/europskydialog.eu\/en\/wp-json\/wp\/v2\/media?parent=10068"}],"curies":[{"name":"wp","href":"https:\/\/api.w.org\/{rel}","templated":true}]}}