{"id":10062,"date":"2023-08-13T11:27:46","date_gmt":"2023-08-13T09:27:46","guid":{"rendered":"http:\/\/europskydialog.eu\/about-us\/team\/tomas-janci\/"},"modified":"2024-10-04T13:38:53","modified_gmt":"2024-10-04T11:38:53","slug":"tomas-janci","status":"publish","type":"page","link":"https:\/\/europskydialog.eu\/en\/about-us\/team\/tomas-janci\/","title":{"rendered":"TOM\u00c1\u0160 JAN\u010cI"},"content":{"rendered":"\t\t<div data-elementor-type=\"wp-page\" data-elementor-id=\"10062\" class=\"elementor elementor-10062 elementor-8507\">\n\t\t\t\t\t\t<section class=\"elementor-section elementor-top-section elementor-element elementor-element-1c183cba elementor-section-boxed elementor-section-height-default elementor-section-height-default\" data-id=\"1c183cba\" data-element_type=\"section\">\n\t\t\t\t\t\t<div class=\"elementor-container elementor-column-gap-default\">\n\t\t\t\t\t<div class=\"elementor-column elementor-col-50 elementor-top-column elementor-element elementor-element-559b289f\" data-id=\"559b289f\" data-element_type=\"column\">\n\t\t\t<div class=\"elementor-widget-wrap elementor-element-populated\">\n\t\t\t\t\t\t<div class=\"elementor-element elementor-element-2c270665 elementor-widget elementor-widget-cz_title\" data-id=\"2c270665\" data-element_type=\"widget\" data-widget_type=\"cz_title.default\">\n\t\t\t\t<div class=\"elementor-widget-container\">\n\t\t\t\t\t\t\r\n\t\t<div>\r\n\t\t\t<div class=\"cz_title clr cz_title_pos_inline\"><div class=\"cz_title_content\"><div class=\"cz_wpe_content\"><h3><span style=\"font-size: 36px;\">TOM\u00c1\u0160 <span style=\"color: #051e6d;\">JAN\u010cI<\/span><\/span><\/h3>\n<p><b><strong>Member<\/strong><\/b><\/p>\n<p><a href=\"mailto:t.janci@europskydialog.eu\">t.janci@europskydialog.eu<\/a><\/p>\n<\/div><\/div><\/div>\r\n\t\t<\/div>\r\n\t\t\r\n\t\t\t\t\t\t<\/div>\n\t\t\t\t<\/div>\n\t\t\t\t<div class=\"elementor-element elementor-element-7b97616f elementor-widget elementor-widget-text-editor\" data-id=\"7b97616f\" data-element_type=\"widget\" data-widget_type=\"text-editor.default\">\n\t\t\t\t<div class=\"elementor-widget-container\">\n\t\t\t\t\t\t\t\t\t<p>Tom\u00e1\u0161 works as a project manager and collaborates with the European Dialogue on organisational and creative activities, coordination of events, and management of administrative tasks. He has a keen interest in non-formal education, gamification, and languages. Additionally, he lectures externally at the University College Prague in Bratislava, where his academic focus centres on digital democracy, modern participation, international relations, and theories of democracy.<\/p>\t\t\t\t\t\t\t\t<\/div>\n\t\t\t\t<\/div>\n\t\t\t\t<div class=\"elementor-element elementor-element-1795a74 elementor-widget-divider--view-line elementor-widget elementor-widget-divider\" data-id=\"1795a74\" data-element_type=\"widget\" data-widget_type=\"divider.default\">\n\t\t\t\t<div class=\"elementor-widget-container\">\n\t\t\t\t\t\t\t<div class=\"elementor-divider\">\n\t\t\t<span class=\"elementor-divider-separator\">\n\t\t\t\t\t\t<\/span>\n\t\t<\/div>\n\t\t\t\t\t\t<\/div>\n\t\t\t\t<\/div>\n\t\t\t\t\t<\/div>\n\t\t<\/div>\n\t\t\t\t<div class=\"elementor-column elementor-col-50 elementor-top-column elementor-element elementor-element-682300bc column-xtra-sticky\" data-id=\"682300bc\" data-element_type=\"column\">\n\t\t\t<div class=\"elementor-widget-wrap elementor-element-populated\">\n\t\t\t\t\t\t<div class=\"elementor-element elementor-element-7d216743 elementor-widget elementor-widget-image\" data-id=\"7d216743\" data-element_type=\"widget\" data-widget_type=\"image.default\">\n\t\t\t\t<div class=\"elementor-widget-container\">\n\t\t\t\t\t\t\t\t\t\t\t\t\t\t\t<img fetchpriority=\"high\" decoding=\"async\" width=\"768\" height=\"968\" src=\"data:image\/svg+xml,%3Csvg%20xmlns%3D&#39;http%3A%2F%2Fwww.w3.org%2F2000%2Fsvg&#39;%20width=&#39;768&#39;%20height=&#39;968&#39;%20viewBox%3D&#39;0%200%20768%20968&#39;%2F%3E\" data-czlz data-src=\"https:\/\/europskydialog.eu\/wp-content\/uploads\/2023\/08\/Tomas-768x968-1.jpg\" class=\"attachment-large size-large wp-image-9977\" alt=\"\" data-srcset=\"https:\/\/europskydialog.eu\/wp-content\/uploads\/2023\/08\/Tomas-768x968-1.jpg 768w, https:\/\/europskydialog.eu\/wp-content\/uploads\/2023\/08\/Tomas-768x968-1-238x300.jpg 238w, https:\/\/europskydialog.eu\/wp-content\/uploads\/2023\/08\/Tomas-768x968-1-600x756.jpg 600w\" data-sizes=\"(max-width: 768px) 100vw, 768px\" \/>\t\t\t\t\t\t\t\t\t\t\t\t\t\t\t<\/div>\n\t\t\t\t<\/div>\n\t\t\t\t\t<\/div>\n\t\t<\/div>\n\t\t\t\t\t<\/div>\n\t\t<\/section>\n\t\t\t\t<\/div>\n\t\t","protected":false},"excerpt":{"rendered":"<p>TOM\u00c1\u0160 JAN\u010cI Member t.janci@europskydialog.eu Tom\u00e1\u0161 works as a project manager and &#8230; <\/p>\n","protected":false},"author":1,"featured_media":0,"parent":10054,"menu_order":0,"comment_status":"closed","ping_status":"closed","template":"","meta":{"om_disable_all_campaigns":false,"_monsterinsights_skip_tracking":false,"_monsterinsights_sitenote_active":false,"_monsterinsights_sitenote_note":"","_monsterinsights_sitenote_category":0,"_uf_show_specific_survey":0,"_uf_disable_surveys":false,"footnotes":""},"class_list":["post-10062","page","type-page","status-publish","hentry"],"aioseo_notices":[],"yoast_head":"<!-- This site is optimized with the Yoast SEO plugin v25.2 - https:\/\/yoast.com\/wordpress\/plugins\/seo\/ -->\n<title>TOM\u00c1\u0160 JAN\u010cI - European Dialogue - Europsky Dialog<\/title>\n<meta name=\"robots\" content=\"index, follow, max-snippet:-1, max-image-preview:large, max-video-preview:-1\" \/>\n<link rel=\"canonical\" href=\"https:\/\/europskydialog.eu\/en\/about-us\/team\/tomas-janci\/\" \/>\n<meta property=\"og:locale\" content=\"en_US\" \/>\n<meta property=\"og:type\" content=\"article\" \/>\n<meta property=\"og:title\" content=\"TOM\u00c1\u0160 JAN\u010cI - European Dialogue - Europsky Dialog\" \/>\n<meta property=\"og:description\" content=\"TOM\u00c1\u0160 JAN\u010cI Member t.janci@europskydialog.eu Tom\u00e1\u0161 works as a project manager and ...\" \/>\n<meta property=\"og:url\" content=\"https:\/\/europskydialog.eu\/en\/about-us\/team\/tomas-janci\/\" \/>\n<meta property=\"og:site_name\" content=\"European Dialogue - Europsky Dialog\" \/>\n<meta property=\"article:modified_time\" content=\"2024-10-04T11:38:53+00:00\" \/>\n<meta property=\"og:image\" content=\"http:\/\/europskydialog.eu\/wp-content\/uploads\/2023\/08\/Tomas-768x968-1.jpg\" \/>\n<meta name=\"twitter:card\" content=\"summary_large_image\" \/>\n<meta name=\"twitter:label1\" content=\"Est. reading time\" \/>\n\t<meta name=\"twitter:data1\" content=\"1 minute\" \/>\n<script type=\"application\/ld+json\" class=\"yoast-schema-graph\">{\"@context\":\"https:\/\/schema.org\",\"@graph\":[{\"@type\":\"WebPage\",\"@id\":\"https:\/\/europskydialog.eu\/en\/about-us\/team\/tomas-janci\/\",\"url\":\"https:\/\/europskydialog.eu\/en\/about-us\/team\/tomas-janci\/\",\"name\":\"TOM\u00c1\u0160 JAN\u010cI - European Dialogue - Europsky Dialog\",\"isPartOf\":{\"@id\":\"https:\/\/europskydialog.eu\/en\/#website\"},\"primaryImageOfPage\":{\"@id\":\"https:\/\/europskydialog.eu\/en\/about-us\/team\/tomas-janci\/#primaryimage\"},\"image\":{\"@id\":\"https:\/\/europskydialog.eu\/en\/about-us\/team\/tomas-janci\/#primaryimage\"},\"thumbnailUrl\":\"http:\/\/europskydialog.eu\/wp-content\/uploads\/2023\/08\/Tomas-768x968-1.jpg\",\"datePublished\":\"2023-08-13T09:27:46+00:00\",\"dateModified\":\"2024-10-04T11:38:53+00:00\",\"breadcrumb\":{\"@id\":\"https:\/\/europskydialog.eu\/en\/about-us\/team\/tomas-janci\/#breadcrumb\"},\"inLanguage\":\"en-US\",\"potentialAction\":[{\"@type\":\"ReadAction\",\"target\":[\"https:\/\/europskydialog.eu\/en\/about-us\/team\/tomas-janci\/\"]}]},{\"@type\":\"ImageObject\",\"inLanguage\":\"en-US\",\"@id\":\"https:\/\/europskydialog.eu\/en\/about-us\/team\/tomas-janci\/#primaryimage\",\"url\":\"http:\/\/europskydialog.eu\/wp-content\/uploads\/2023\/08\/Tomas-768x968-1.jpg\",\"contentUrl\":\"http:\/\/europskydialog.eu\/wp-content\/uploads\/2023\/08\/Tomas-768x968-1.jpg\"},{\"@type\":\"BreadcrumbList\",\"@id\":\"https:\/\/europskydialog.eu\/en\/about-us\/team\/tomas-janci\/#breadcrumb\",\"itemListElement\":[{\"@type\":\"ListItem\",\"position\":1,\"name\":\"Home\",\"item\":\"https:\/\/europskydialog.eu\/en\/\"},{\"@type\":\"ListItem\",\"position\":2,\"name\":\"About us\",\"item\":\"https:\/\/europskydialog.eu\/en\/about-us\/\"},{\"@type\":\"ListItem\",\"position\":3,\"name\":\"Team\",\"item\":\"https:\/\/europskydialog.eu\/en\/about-us\/team\/\"},{\"@type\":\"ListItem\",\"position\":4,\"name\":\"TOM\u00c1\u0160 JAN\u010cI\"}]},{\"@type\":\"WebSite\",\"@id\":\"https:\/\/europskydialog.eu\/en\/#website\",\"url\":\"https:\/\/europskydialog.eu\/en\/\",\"name\":\"European Dialogue - Europsky Dialog\",\"description\":\"\",\"potentialAction\":[{\"@type\":\"SearchAction\",\"target\":{\"@type\":\"EntryPoint\",\"urlTemplate\":\"https:\/\/europskydialog.eu\/en\/?s={search_term_string}\"},\"query-input\":{\"@type\":\"PropertyValueSpecification\",\"valueRequired\":true,\"valueName\":\"search_term_string\"}}],\"inLanguage\":\"en-US\"}]}<\/script>\n<!-- \/ Yoast SEO plugin. -->","yoast_head_json":{"title":"TOM\u00c1\u0160 JAN\u010cI - European Dialogue - Europsky Dialog","robots":{"index":"index","follow":"follow","max-snippet":"max-snippet:-1","max-image-preview":"max-image-preview:large","max-video-preview":"max-video-preview:-1"},"canonical":"https:\/\/europskydialog.eu\/en\/about-us\/team\/tomas-janci\/","og_locale":"en_US","og_type":"article","og_title":"TOM\u00c1\u0160 JAN\u010cI - European Dialogue - Europsky Dialog","og_description":"TOM\u00c1\u0160 JAN\u010cI Member t.janci@europskydialog.eu Tom\u00e1\u0161 works as a project manager and ...","og_url":"https:\/\/europskydialog.eu\/en\/about-us\/team\/tomas-janci\/","og_site_name":"European Dialogue - Europsky Dialog","article_modified_time":"2024-10-04T11:38:53+00:00","og_image":[{"url":"http:\/\/europskydialog.eu\/wp-content\/uploads\/2023\/08\/Tomas-768x968-1.jpg","type":"","width":"","height":""}],"twitter_card":"summary_large_image","twitter_misc":{"Est. reading time":"1 minute"},"schema":{"@context":"https:\/\/schema.org","@graph":[{"@type":"WebPage","@id":"https:\/\/europskydialog.eu\/en\/about-us\/team\/tomas-janci\/","url":"https:\/\/europskydialog.eu\/en\/about-us\/team\/tomas-janci\/","name":"TOM\u00c1\u0160 JAN\u010cI - European Dialogue - Europsky Dialog","isPartOf":{"@id":"https:\/\/europskydialog.eu\/en\/#website"},"primaryImageOfPage":{"@id":"https:\/\/europskydialog.eu\/en\/about-us\/team\/tomas-janci\/#primaryimage"},"image":{"@id":"https:\/\/europskydialog.eu\/en\/about-us\/team\/tomas-janci\/#primaryimage"},"thumbnailUrl":"http:\/\/europskydialog.eu\/wp-content\/uploads\/2023\/08\/Tomas-768x968-1.jpg","datePublished":"2023-08-13T09:27:46+00:00","dateModified":"2024-10-04T11:38:53+00:00","breadcrumb":{"@id":"https:\/\/europskydialog.eu\/en\/about-us\/team\/tomas-janci\/#breadcrumb"},"inLanguage":"en-US","potentialAction":[{"@type":"ReadAction","target":["https:\/\/europskydialog.eu\/en\/about-us\/team\/tomas-janci\/"]}]},{"@type":"ImageObject","inLanguage":"en-US","@id":"https:\/\/europskydialog.eu\/en\/about-us\/team\/tomas-janci\/#primaryimage","url":"http:\/\/europskydialog.eu\/wp-content\/uploads\/2023\/08\/Tomas-768x968-1.jpg","contentUrl":"http:\/\/europskydialog.eu\/wp-content\/uploads\/2023\/08\/Tomas-768x968-1.jpg"},{"@type":"BreadcrumbList","@id":"https:\/\/europskydialog.eu\/en\/about-us\/team\/tomas-janci\/#breadcrumb","itemListElement":[{"@type":"ListItem","position":1,"name":"Home","item":"https:\/\/europskydialog.eu\/en\/"},{"@type":"ListItem","position":2,"name":"About us","item":"https:\/\/europskydialog.eu\/en\/about-us\/"},{"@type":"ListItem","position":3,"name":"Team","item":"https:\/\/europskydialog.eu\/en\/about-us\/team\/"},{"@type":"ListItem","position":4,"name":"TOM\u00c1\u0160 JAN\u010cI"}]},{"@type":"WebSite","@id":"https:\/\/europskydialog.eu\/en\/#website","url":"https:\/\/europskydialog.eu\/en\/","name":"European Dialogue - Europsky Dialog","description":"","potentialAction":[{"@type":"SearchAction","target":{"@type":"EntryPoint","urlTemplate":"https:\/\/europskydialog.eu\/en\/?s={search_term_string}"},"query-input":{"@type":"PropertyValueSpecification","valueRequired":true,"valueName":"search_term_string"}}],"inLanguage":"en-US"}]}},"_links":{"self":[{"href":"https:\/\/europskydialog.eu\/en\/wp-json\/wp\/v2\/pages\/10062","targetHints":{"allow":["GET"]}}],"collection":[{"href":"https:\/\/europskydialog.eu\/en\/wp-json\/wp\/v2\/pages"}],"about":[{"href":"https:\/\/europskydialog.eu\/en\/wp-json\/wp\/v2\/types\/page"}],"author":[{"embeddable":true,"href":"https:\/\/europskydialog.eu\/en\/wp-json\/wp\/v2\/users\/1"}],"replies":[{"embeddable":true,"href":"https:\/\/europskydialog.eu\/en\/wp-json\/wp\/v2\/comments?post=10062"}],"version-history":[{"count":6,"href":"https:\/\/europskydialog.eu\/en\/wp-json\/wp\/v2\/pages\/10062\/revisions"}],"predecessor-version":[{"id":11088,"href":"https:\/\/europskydialog.eu\/en\/wp-json\/wp\/v2\/pages\/10062\/revisions\/11088"}],"up":[{"embeddable":true,"href":"https:\/\/europskydialog.eu\/en\/wp-json\/wp\/v2\/pages\/10054"}],"wp:attachment":[{"href":"https:\/\/europskydialog.eu\/en\/wp-json\/wp\/v2\/media?parent=10062"}],"curies":[{"name":"wp","href":"https:\/\/api.w.org\/{rel}","templated":true}]}}